{"id":2756,"date":"2025-03-13T02:11:32","date_gmt":"2025-03-13T02:11:32","guid":{"rendered":"https:\/\/festivalbleubleu.com\/?page_id=2756"},"modified":"2026-04-13T12:03:26","modified_gmt":"2026-04-13T12:03:26","slug":"volunteering","status":"publish","type":"page","link":"https:\/\/festivalbleubleu.com\/en\/volunteering\/","title":{"rendered":"Volunteering"},"content":{"rendered":"","protected":false},"excerpt":{"rendered":"","protected":false},"author":1,"featured_media":0,"parent":0,"menu_order":10,"comment_status":"closed","ping_status":"closed","template":"templates\/tp-page-modulable.php","meta":{"footnotes":""},"class_list":["post-2756","page","type-page","status-publish","hentry"],"yoast_head":"<!-- This site is optimized with the Yoast SEO plugin v27.4 - https:\/\/yoast.com\/product\/yoast-seo-wordpress\/ -->\n<title>Volunteering \u2022 BleuBleu<\/title>\n<meta name=\"description\" content=\"Rejoingez l&#039;\u00e9quipe! Devenez b\u00e9n\u00e9vole au Festival BleuBleu et participez activement \u00e0 faire de chaque \u00e9dition un \u00e9v\u00e9nement marquant.\" \/>\n<meta name=\"robots\" content=\"index, follow, max-snippet:-1, max-image-preview:large, max-video-preview:-1\" \/>\n<link rel=\"canonical\" href=\"https:\/\/festivalbleubleu.com\/en\/volunteering\/\" \/>\n<meta property=\"og:locale\" content=\"en_US\" \/>\n<meta property=\"og:type\" content=\"article\" \/>\n<meta property=\"og:title\" content=\"Festival BleuBleu \u2022 B\u00e9n\u00e9volat\" \/>\n<meta property=\"og:description\" content=\"Rejoingez l&#039;\u00e9quipe! Devenez b\u00e9n\u00e9vole au Festival BleuBleu et participez activement \u00e0 faire de chaque \u00e9dition un \u00e9v\u00e9nement marquant.\" \/>\n<meta property=\"og:url\" content=\"https:\/\/festivalbleubleu.com\/en\/volunteering\/\" \/>\n<meta property=\"og:site_name\" content=\"BleuBleu\" \/>\n<meta property=\"article:modified_time\" content=\"2026-04-13T12:03:26+00:00\" \/>\n<meta property=\"og:image\" content=\"https:\/\/festivalbleubleu.com\/wp-content\/uploads\/2026\/02\/OG-2026-1.jpg\" \/>\n\t<meta property=\"og:image:width\" content=\"1215\" \/>\n\t<meta property=\"og:image:height\" content=\"684\" \/>\n\t<meta property=\"og:image:type\" content=\"image\/jpeg\" \/>\n<meta name=\"twitter:card\" content=\"summary_large_image\" \/>\n<script type=\"application\/ld+json\" class=\"yoast-schema-graph\">{\"@context\":\"https:\\\/\\\/schema.org\",\"@graph\":[{\"@type\":\"WebPage\",\"@id\":\"https:\\\/\\\/festivalbleubleu.com\\\/en\\\/volunteering\\\/\",\"url\":\"https:\\\/\\\/festivalbleubleu.com\\\/en\\\/volunteering\\\/\",\"name\":\"Volunteering \u2022 BleuBleu\",\"isPartOf\":{\"@id\":\"https:\\\/\\\/festivalbleubleu.com\\\/#website\"},\"datePublished\":\"2025-03-13T02:11:32+00:00\",\"dateModified\":\"2026-04-13T12:03:26+00:00\",\"description\":\"Rejoingez l'\u00e9quipe! Devenez b\u00e9n\u00e9vole au Festival BleuBleu et participez activement \u00e0 faire de chaque \u00e9dition un \u00e9v\u00e9nement marquant.\",\"breadcrumb\":{\"@id\":\"https:\\\/\\\/festivalbleubleu.com\\\/en\\\/volunteering\\\/#breadcrumb\"},\"inLanguage\":\"en-US\",\"potentialAction\":[{\"@type\":\"ReadAction\",\"target\":[\"https:\\\/\\\/festivalbleubleu.com\\\/en\\\/volunteering\\\/\"]}]},{\"@type\":\"BreadcrumbList\",\"@id\":\"https:\\\/\\\/festivalbleubleu.com\\\/en\\\/volunteering\\\/#breadcrumb\",\"itemListElement\":[{\"@type\":\"ListItem\",\"position\":1,\"name\":\"Accueil\",\"item\":\"https:\\\/\\\/festivalbleubleu.com\\\/en\\\/\"},{\"@type\":\"ListItem\",\"position\":2,\"name\":\"Volunteering\"}]},{\"@type\":\"WebSite\",\"@id\":\"https:\\\/\\\/festivalbleubleu.com\\\/#website\",\"url\":\"https:\\\/\\\/festivalbleubleu.com\\\/\",\"name\":\"Festival BleuBleu\",\"description\":\"\",\"potentialAction\":[{\"@type\":\"SearchAction\",\"target\":{\"@type\":\"EntryPoint\",\"urlTemplate\":\"https:\\\/\\\/festivalbleubleu.com\\\/?s={search_term_string}\"},\"query-input\":{\"@type\":\"PropertyValueSpecification\",\"valueRequired\":true,\"valueName\":\"search_term_string\"}}],\"inLanguage\":\"en-US\"}]}<\/script>\n<!-- \/ Yoast SEO plugin. -->","yoast_head_json":{"title":"Volunteering \u2022 BleuBleu","description":"Rejoingez l'\u00e9quipe! Devenez b\u00e9n\u00e9vole au Festival BleuBleu et participez activement \u00e0 faire de chaque \u00e9dition un \u00e9v\u00e9nement marquant.","robots":{"index":"index","follow":"follow","max-snippet":"max-snippet:-1","max-image-preview":"max-image-preview:large","max-video-preview":"max-video-preview:-1"},"canonical":"https:\/\/festivalbleubleu.com\/en\/volunteering\/","og_locale":"en_US","og_type":"article","og_title":"Festival BleuBleu \u2022 B\u00e9n\u00e9volat","og_description":"Rejoingez l'\u00e9quipe! Devenez b\u00e9n\u00e9vole au Festival BleuBleu et participez activement \u00e0 faire de chaque \u00e9dition un \u00e9v\u00e9nement marquant.","og_url":"https:\/\/festivalbleubleu.com\/en\/volunteering\/","og_site_name":"BleuBleu","article_modified_time":"2026-04-13T12:03:26+00:00","og_image":[{"width":1215,"height":684,"url":"https:\/\/festivalbleubleu.com\/wp-content\/uploads\/2026\/02\/OG-2026-1.jpg","type":"image\/jpeg"}],"twitter_card":"summary_large_image","schema":{"@context":"https:\/\/schema.org","@graph":[{"@type":"WebPage","@id":"https:\/\/festivalbleubleu.com\/en\/volunteering\/","url":"https:\/\/festivalbleubleu.com\/en\/volunteering\/","name":"Volunteering \u2022 BleuBleu","isPartOf":{"@id":"https:\/\/festivalbleubleu.com\/#website"},"datePublished":"2025-03-13T02:11:32+00:00","dateModified":"2026-04-13T12:03:26+00:00","description":"Rejoingez l'\u00e9quipe! Devenez b\u00e9n\u00e9vole au Festival BleuBleu et participez activement \u00e0 faire de chaque \u00e9dition un \u00e9v\u00e9nement marquant.","breadcrumb":{"@id":"https:\/\/festivalbleubleu.com\/en\/volunteering\/#breadcrumb"},"inLanguage":"en-US","potentialAction":[{"@type":"ReadAction","target":["https:\/\/festivalbleubleu.com\/en\/volunteering\/"]}]},{"@type":"BreadcrumbList","@id":"https:\/\/festivalbleubleu.com\/en\/volunteering\/#breadcrumb","itemListElement":[{"@type":"ListItem","position":1,"name":"Accueil","item":"https:\/\/festivalbleubleu.com\/en\/"},{"@type":"ListItem","position":2,"name":"Volunteering"}]},{"@type":"WebSite","@id":"https:\/\/festivalbleubleu.com\/#website","url":"https:\/\/festivalbleubleu.com\/","name":"Festival BleuBleu","description":"","potentialAction":[{"@type":"SearchAction","target":{"@type":"EntryPoint","urlTemplate":"https:\/\/festivalbleubleu.com\/?s={search_term_string}"},"query-input":{"@type":"PropertyValueSpecification","valueRequired":true,"valueName":"search_term_string"}}],"inLanguage":"en-US"}]}},"acf":[],"_links":{"self":[{"href":"https:\/\/festivalbleubleu.com\/en\/wp-json\/wp\/v2\/pages\/2756","targetHints":{"allow":["GET"]}}],"collection":[{"href":"https:\/\/festivalbleubleu.com\/en\/wp-json\/wp\/v2\/pages"}],"about":[{"href":"https:\/\/festivalbleubleu.com\/en\/wp-json\/wp\/v2\/types\/page"}],"author":[{"embeddable":true,"href":"https:\/\/festivalbleubleu.com\/en\/wp-json\/wp\/v2\/users\/1"}],"replies":[{"embeddable":true,"href":"https:\/\/festivalbleubleu.com\/en\/wp-json\/wp\/v2\/comments?post=2756"}],"version-history":[{"count":7,"href":"https:\/\/festivalbleubleu.com\/en\/wp-json\/wp\/v2\/pages\/2756\/revisions"}],"predecessor-version":[{"id":2852,"href":"https:\/\/festivalbleubleu.com\/en\/wp-json\/wp\/v2\/pages\/2756\/revisions\/2852"}],"wp:attachment":[{"href":"https:\/\/festivalbleubleu.com\/en\/wp-json\/wp\/v2\/media?parent=2756"}],"curies":[{"name":"wp","href":"https:\/\/api.w.org\/{rel}","templated":true}]}}